{"id":657,"date":"2025-07-15T13:19:48","date_gmt":"2025-07-15T10:19:48","guid":{"rendered":"https:\/\/deleit.eu\/rakennuspalveluiden-hinnasto\/"},"modified":"2026-04-08T17:13:41","modified_gmt":"2026-04-08T14:13:41","slug":"rakennuspalveluiden-hinnasto","status":"publish","type":"page","link":"https:\/\/deleit.eu\/fi\/rakennuspalveluiden-hinnasto\/","title":{"rendered":"RAKENNUS HINNASTO"},"content":{"rendered":"<p>[et_pb_section fb_built=&#8221;1&#8243; _builder_version=&#8221;4.27.4&#8243; _module_preset=&#8221;default&#8221; background_image=&#8221;https:\/\/deleit.eu\/wp-content\/uploads\/2022\/02\/Mask-Group-28.jpg&#8221; height=&#8221;20vw&#8221; custom_margin=&#8221;-100px||-100px||true|false&#8221; global_colors_info=&#8221;{}&#8221;][\/et_pb_section][et_pb_section fb_built=&#8221;1&#8243; _builder_version=&#8221;4.16&#8243; _module_preset=&#8221;default&#8221; use_background_color_gradient=&#8221;on&#8221; background_color_gradient_direction=&#8221;270deg&#8221; background_color_gradient_stops=&#8221;#e78c35 0%|#ac5f68 100%&#8221; background_color_gradient_start=&#8221;#e78c35&#8243; background_color_gradient_end=&#8221;#ac5f68&#8243; custom_padding=&#8221;2px|||||&#8221; global_colors_info=&#8221;{}&#8221;][et_pb_row _builder_version=&#8221;4.16&#8243; _module_preset=&#8221;default&#8221; global_colors_info=&#8221;{}&#8221;][et_pb_column type=&#8221;4_4&#8243; _builder_version=&#8221;4.16&#8243; _module_preset=&#8221;default&#8221; global_colors_info=&#8221;{}&#8221;][et_pb_text _builder_version=&#8221;4.27.4&#8243; _module_preset=&#8221;default&#8221; background_layout=&#8221;dark&#8221; global_colors_info=&#8221;{}&#8221;]<\/p>\n<h2>RAKENNUSPALVELU HINNASTO<\/h2>\n<p>[\/et_pb_text][et_pb_text _builder_version=&#8221;4.27.4&#8243; _module_preset=&#8221;default&#8221; background_layout=&#8221;dark&#8221; hover_enabled=&#8221;0&#8243; global_colors_info=&#8221;{}&#8221; sticky_enabled=&#8221;0&#8243;]<\/p>\n<p>Deleit O\u00dc:n hinnasto sis\u00e4lt\u00e4\u00e4 arvonlis\u00e4veron ja se on laadittu Tes 2024\u20132025 mukaisesti<\/p>\n<p>Hinnat eiv\u00e4t sis\u00e4ll\u00e4 materiaalikustannuksia. Deleit O\u00dc:n hinnat koskevat vain ty\u00f6t\u00e4. <\/p>\n<p>[\/et_pb_text][\/et_pb_column][\/et_pb_row][\/et_pb_section][et_pb_section fb_built=&#8221;1&#8243; _builder_version=&#8221;4.16&#8243; _module_preset=&#8221;default&#8221; use_background_color_gradient=&#8221;on&#8221; background_color_gradient_direction=&#8221;270deg&#8221; background_color_gradient_stops=&#8221;#0074cc 0%|#01b5f0 100%&#8221; background_color_gradient_start=&#8221;#0074cc&#8221; background_color_gradient_end=&#8221;#01b5f0&#8243; custom_padding=&#8221;5px||1px|||&#8221; global_colors_info=&#8221;{}&#8221;][et_pb_row _builder_version=&#8221;4.27.4&#8243; _module_preset=&#8221;default&#8221; custom_margin=&#8221;|auto||306px||&#8221; custom_padding=&#8221;0px|||||&#8221; module_alignment_tablet=&#8221;center&#8221; module_alignment_phone=&#8221;center&#8221; module_alignment_last_edited=&#8221;on|phone&#8221; global_colors_info=&#8221;{}&#8221;][et_pb_column type=&#8221;4_4&#8243; _builder_version=&#8221;4.16&#8243; _module_preset=&#8221;default&#8221; global_colors_info=&#8221;{}&#8221;][et_pb_text _builder_version=&#8221;4.27.4&#8243; _module_preset=&#8221;default&#8221; global_colors_info=&#8221;{}&#8221;]<\/p>\n<p>&nbsp;<\/p>\n<table style=\"width: 100%; border-collapse: collapse;\" border=\"1\">\n<thead>\n<tr>\n<th colspan=\"4\" style=\"color: #ffffff;\">Deleit O\u00dc \u2013 Hinnasto 2026<\/th>\n<\/tr>\n<tr>\n<th style=\"color: #ffffff;\">Palvelu<\/th>\n<th><span style=\"color: #ffffff;\">Mittayksikk\u00f6<\/span><\/th>\n<th><span style=\"color: #ffffff;\">Tunnus<\/span><\/th>\n<th><span style=\"color: #ffffff;\">Arvonlis\u00e4vero 0\u202f%<\/span><\/th>\n<\/tr>\n<\/thead>\n<tbody>\n<tr>\n<td colspan=\"4\" style=\"background-color: #e68b35;\"><strong>Veden\u00aderistysty\u00f6<\/strong><\/td>\n<\/tr>\n<tr>\n<td>Sein\u00e4n ja lattian 1-komponenttinen vedeneristys, sis\u00e4lt\u00e4\u00e4 vahvikekankaat<\/td>\n<td>\u20ac\/m\u00b2<\/td>\n<td><\/td>\n<td>8,50<\/td>\n<\/tr>\n<tr>\n<td>Sein\u00e4n ja lattian 2-komponenttinen vedeneristys, sis\u00e4lt\u00e4\u00e4 vahvikekankaat<\/td>\n<td>\u20ac\/m\u00b2<\/td>\n<td><\/td>\n<td>10,50<\/td>\n<\/tr>\n<tr>\n<td>Kosteussulku erikseen asennettuna<\/td>\n<td>\u20ac\/m\u00b2<\/td>\n<td><\/td>\n<td>1,80<\/td>\n<\/tr>\n<tr>\n<td colspan=\"4\" style=\"background-color: #e68b35;\"><strong>Laatoitusty\u00f6t, sein\u00e4laatoitus<\/strong><\/td>\n<\/tr>\n<tr>\n<td>Koko 30&#215;30, 30&#215;60 ja suuremmat<\/td>\n<td>\u20ac\/m\u00b2<\/td>\n<td><\/td>\n<td>18,40<\/td>\n<\/tr>\n<tr>\n<td>Koko 20&#215;20, 20&#215;40 tai vastaavat<\/td>\n<td>\u20ac\/m\u00b2<\/td>\n<td><\/td>\n<td>17,22<\/td>\n<\/tr>\n<tr>\n<td>Koko 10&#215;20, 10&#215;30, 15&#215;15 tai vastaavat<\/td>\n<td>\u20ac\/m\u00b2<\/td>\n<td><\/td>\n<td>19,42<\/td>\n<\/tr>\n<tr>\n<td>Koko 10&#215;10 verkossa<\/td>\n<td>\u20ac\/m\u00b2<\/td>\n<td><\/td>\n<td>11,26<\/td>\n<\/tr>\n<tr>\n<td>Koko 10&#215;10 irtolaatta<\/td>\n<td>\u20ac\/m\u00b2<\/td>\n<td><\/td>\n<td>34,32<\/td>\n<\/tr>\n<tr>\n<td>Mosaiikkilaatat 50&#215;50, 70&#215;70 tai vastaavat<\/td>\n<td>\u20ac\/m\u00b2<\/td>\n<td><\/td>\n<td>26,26<\/td>\n<\/tr>\n<tr>\n<td>Pienet mosaiikkilaatat (enint\u00e4\u00e4n 30&#215;30)<\/td>\n<td>\u20ac\/m\u00b2<\/td>\n<td><\/td>\n<td>35,74<\/td>\n<\/tr>\n<tr>\n<td>Keitti\u00f6n v\u00e4litilan ja sein\u00e4n laatoitus<\/td>\n<td>\u20ac\/m\u00b2<\/td>\n<td><\/td>\n<td>26,90<\/td>\n<\/tr>\n<tr>\n<td colspan=\"4\" style=\"background-color: #e68b35;\"><strong>Lattialaatoitus<\/strong><\/td>\n<\/tr>\n<tr>\n<td>Koko 10&#215;10 verkossa<\/td>\n<td>\u20ac\/m\u00b2<\/td>\n<td><\/td>\n<td>19,26<\/td>\n<\/tr>\n<tr>\n<td>Koko 10&#215;10 irtolaatta<\/td>\n<td>\u20ac\/m\u00b2<\/td>\n<td><\/td>\n<td>34,32<\/td>\n<\/tr>\n<tr>\n<td>Koko 15&#215;15, 10&#215;20 tai vastaavat<\/td>\n<td>\u20ac\/m\u00b2<\/td>\n<td><\/td>\n<td>19,38<\/td>\n<\/tr>\n<tr>\n<td>Koko 15&#215;20, 20&#215;20, 25&#215;25 (tila \u2264 50 m\u00b2)<\/td>\n<td>\u20ac\/m\u00b2<\/td>\n<td><\/td>\n<td>16,18<\/td>\n<\/tr>\n<tr>\n<td>Koko 15&#215;20, 20&#215;20, 25&#215;25 (tila &gt; 50 m\u00b2)<\/td>\n<td>\u20ac\/m\u00b2<\/td>\n<td><\/td>\n<td>14,72<\/td>\n<\/tr>\n<tr>\n<td>Koko 30&#215;30, 30&#215;60, 60&#215;60 (tila \u2264 10 m\u00b2)<\/td>\n<td>\u20ac\/m\u00b2<\/td>\n<td><\/td>\n<td>17,98<\/td>\n<\/tr>\n<tr>\n<td>Koko 30&#215;30, 30&#215;60, 60&#215;60 (tila \u2264 50 m\u00b2)<\/td>\n<td>\u20ac\/m\u00b2<\/td>\n<td><\/td>\n<td>13,26<\/td>\n<\/tr>\n<tr>\n<td>Koko 30&#215;30, 30&#215;60, 60&#215;60 (tila \u2264 200 m\u00b2)<\/td>\n<td>\u20ac\/m\u00b2<\/td>\n<td><\/td>\n<td>12,50<\/td>\n<\/tr>\n<tr>\n<td>Koko 30&#215;30, 30&#215;60, 60&#215;60 (tila &gt; 200 m\u00b2)<\/td>\n<td>\u20ac\/m\u00b2<\/td>\n<td><\/td>\n<td>9,92<\/td>\n<\/tr>\n<tr>\n<td>K\u00e4yt\u00e4vien laatoitus asuinrakennuksissa<\/td>\n<td>\u20ac\/m\u00b2<\/td>\n<td><\/td>\n<td>17,98<\/td>\n<\/tr>\n<tr>\n<td>Kuusikulmainen laatta (irtolaatta)<\/td>\n<td>\u20ac\/m\u00b2<\/td>\n<td><\/td>\n<td>34,32<\/td>\n<\/tr>\n<tr>\n<td colspan=\"4\" style=\"background-color: #e68b35;\"><strong>Lis\u00e4ty\u00f6t<\/strong><\/td>\n<\/tr>\n<tr>\n<td>Lattiakaivon asennus<\/td>\n<td>\u20ac\/m\u00b2<\/td>\n<td><\/td>\n<td>2,06<\/td>\n<\/tr>\n<tr>\n<td>Laatoituslistan asennus<\/td>\n<td>\u20ac\/jm<\/td>\n<td><\/td>\n<td>2,86<\/td>\n<\/tr>\n<tr>\n<td>Ikkuna- ja ovismyygit<\/td>\n<td>\u20ac\/jm<\/td>\n<td><\/td>\n<td>5,44<\/td>\n<\/tr>\n<tr>\n<td>Jalkalistan nosto sein\u00e4lle<\/td>\n<td>\u20ac\/jm<\/td>\n<td><\/td>\n<td>5,70<\/td>\n<\/tr>\n<tr>\n<td colspan=\"4\" style=\"background-color: #e68b35;\"><strong>Saumausty\u00f6t<\/strong><\/td>\n<\/tr>\n<tr>\n<td>Sein\u00e4n ja lattian saumaus<\/td>\n<td>\u20ac\/m\u00b2<\/td>\n<td><\/td>\n<td>5,70<\/td>\n<\/tr>\n<tr>\n<td>Silikonien veto<\/td>\n<td>\u20ac\/m\u00b2<\/td>\n<td><\/td>\n<td>1,98<\/td>\n<\/tr>\n<tr>\n<td colspan=\"4\" style=\"background-color: #e68b35;\"><strong>Tasoitusty\u00f6<\/strong><\/td>\n<\/tr>\n<tr>\n<td>Seinien ja lattioiden tasoitus (1\u20133 mm)<\/td>\n<td>\u20ac\/m\u00b2<\/td>\n<td><\/td>\n<td>6,50<\/td>\n<\/tr>\n<\/tbody>\n<\/table>\n<p><b><br \/>ASENTAJAN VELVOLLISUUS: <br \/><\/b>Vedeneristysasentaja on varmistanut ja hyv\u00e4ksynyt seinien tasaisuuden sek\u00e4 lattian kaltevuuden.<\/p>\n<p>[\/et_pb_text][\/et_pb_column][\/et_pb_row][\/et_pb_section][et_pb_section fb_built=&#8221;1&#8243; _builder_version=&#8221;4.14.7&#8243; _module_preset=&#8221;default&#8221; background_image=&#8221;https:\/\/deleit.eu\/wp-content\/uploads\/2022\/02\/Mask-Group-42.jpg&#8221; height=&#8221;280px&#8221; global_module=&#8221;110&#8243; saved_tabs=&#8221;all&#8221; global_colors_info=&#8221;{}&#8221;][et_pb_row _builder_version=&#8221;4.16&#8243; _module_preset=&#8221;default&#8221; global_colors_info=&#8221;{}&#8221;][et_pb_column type=&#8221;4_4&#8243; _builder_version=&#8221;4.16&#8243; _module_preset=&#8221;default&#8221; global_colors_info=&#8221;{}&#8221;][\/et_pb_column][\/et_pb_row][\/et_pb_section]<\/p>\n","protected":false},"excerpt":{"rendered":"<p>RAKENNUSPALVELU HINNASTODeleit O\u00dc:n hinnasto sis\u00e4lt\u00e4\u00e4 arvonlis\u00e4veron ja se on laadittu Tes 2024\u20132025 mukaisesti Hinnat eiv\u00e4t sis\u00e4ll\u00e4 materiaalikustannuksia. Deleit O\u00dc:n hinnat koskevat vain ty\u00f6t\u00e4. &nbsp; Deleit O\u00dc \u2013 Hinnasto 2026 Palvelu Mittayksikk\u00f6 Tunnus Arvonlis\u00e4vero 0\u202f% Veden\u00aderistysty\u00f6 Sein\u00e4n ja lattian 1-komponenttinen vedeneristys, sis\u00e4lt\u00e4\u00e4 vahvikekankaat \u20ac\/m\u00b2 8,50 Sein\u00e4n ja lattian 2-komponenttinen vedeneristys, sis\u00e4lt\u00e4\u00e4 vahvikekankaat \u20ac\/m\u00b2 10,50 Kosteussulku erikseen [&hellip;]<\/p>\n","protected":false},"author":1,"featured_media":0,"parent":0,"menu_order":0,"comment_status":"closed","ping_status":"closed","template":"","meta":{"_et_pb_use_builder":"on","_et_pb_old_content":"","_et_gb_content_width":"","footnotes":""},"class_list":["post-657","page","type-page","status-publish","hentry"],"_links":{"self":[{"href":"https:\/\/deleit.eu\/fi\/wp-json\/wp\/v2\/pages\/657","targetHints":{"allow":["GET"]}}],"collection":[{"href":"https:\/\/deleit.eu\/fi\/wp-json\/wp\/v2\/pages"}],"about":[{"href":"https:\/\/deleit.eu\/fi\/wp-json\/wp\/v2\/types\/page"}],"author":[{"embeddable":true,"href":"https:\/\/deleit.eu\/fi\/wp-json\/wp\/v2\/users\/1"}],"replies":[{"embeddable":true,"href":"https:\/\/deleit.eu\/fi\/wp-json\/wp\/v2\/comments?post=657"}],"version-history":[{"count":12,"href":"https:\/\/deleit.eu\/fi\/wp-json\/wp\/v2\/pages\/657\/revisions"}],"predecessor-version":[{"id":757,"href":"https:\/\/deleit.eu\/fi\/wp-json\/wp\/v2\/pages\/657\/revisions\/757"}],"wp:attachment":[{"href":"https:\/\/deleit.eu\/fi\/wp-json\/wp\/v2\/media?parent=657"}],"curies":[{"name":"wp","href":"https:\/\/api.w.org\/{rel}","templated":true}]}}