{"id":660,"date":"2022-01-28T12:22:02","date_gmt":"2022-01-28T09:22:02","guid":{"rendered":"https:\/\/deleit.eu\/ajamokit\/"},"modified":"2025-08-07T18:11:15","modified_gmt":"2025-08-07T15:11:15","slug":"ajamokit","status":"publish","type":"page","link":"https:\/\/deleit.eu\/fi\/ajamokit\/","title":{"rendered":"Ajam\u00f6kit"},"content":{"rendered":"<p>[et_pb_section fb_built=&#8221;1&#8243; _builder_version=&#8221;4.16&#8243; _module_preset=&#8221;default&#8221; background_image=&#8221;https:\/\/deleit.eu\/wp-content\/uploads\/2022\/02\/Mask-Group-28.jpg&#8221; height=&#8221;20vw&#8221; global_colors_info=&#8221;{}&#8221;][\/et_pb_section][et_pb_section fb_built=&#8221;1&#8243; _builder_version=&#8221;4.16&#8243; _module_preset=&#8221;default&#8221; use_background_color_gradient=&#8221;on&#8221; background_color_gradient_direction=&#8221;270deg&#8221; background_color_gradient_stops=&#8221;#e78c35 0%|#ac5f68 100%&#8221; background_color_gradient_start=&#8221;#e78c35&#8243; background_color_gradient_end=&#8221;#ac5f68&#8243; global_colors_info=&#8221;{}&#8221;][et_pb_row _builder_version=&#8221;4.16&#8243; _module_preset=&#8221;default&#8221; global_colors_info=&#8221;{}&#8221;][et_pb_column type=&#8221;4_4&#8243; _builder_version=&#8221;4.16&#8243; _module_preset=&#8221;default&#8221; global_colors_info=&#8221;{}&#8221;][et_pb_text _builder_version=&#8221;4.16&#8243; _module_preset=&#8221;default&#8221; background_layout=&#8221;dark&#8221; global_colors_info=&#8221;{}&#8221;]<\/p>\n<h2>PUURUNKOISEN TALON RAKENTAMINEN JA ASENNUS<\/h2>\n<p>[\/et_pb_text][et_pb_text _builder_version=&#8221;4.16&#8243; _module_preset=&#8221;default&#8221; background_layout=&#8221;dark&#8221; global_colors_info=&#8221;{}&#8221;]Deleit O\u00dc on pitk\u00e4\u00e4n toiminut yritys, joka tarjoaa sek\u00e4 rakennus- ett\u00e4 remonttipalveluita koko Virossa. Ammattitaitoisen ja luotettavan tiimimme tavoitteena on varmistaa asiakkaiden tyytyv\u00e4isyys asuntojen kunnostuksessa\/remontoinnissa tai uusien kotien rakentamisessa.[\/et_pb_text][\/et_pb_column][\/et_pb_row][\/et_pb_section][et_pb_section fb_built=&#8221;1&#8243; _builder_version=&#8221;4.16&#8243; _module_preset=&#8221;default&#8221; use_background_color_gradient=&#8221;on&#8221; background_color_gradient_direction=&#8221;270deg&#8221; background_color_gradient_stops=&#8221;#0074cc 0%|#01b5f0 100%&#8221; background_color_gradient_start=&#8221;#0074cc&#8221; background_color_gradient_end=&#8221;#01b5f0&#8243; global_colors_info=&#8221;{}&#8221;][et_pb_row _builder_version=&#8221;4.16&#8243; _module_preset=&#8221;default&#8221; global_colors_info=&#8221;{}&#8221;][et_pb_column type=&#8221;4_4&#8243; _builder_version=&#8221;4.16&#8243; _module_preset=&#8221;default&#8221; global_colors_info=&#8221;{}&#8221;][et_pb_text _builder_version=&#8221;4.16&#8243; _module_preset=&#8221;default&#8221; background_layout=&#8221;dark&#8221; global_colors_info=&#8221;{}&#8221;]<\/p>\n<h2>P\u00c4\u00c4PALVELUT<\/h2>\n<p>[\/et_pb_text][\/et_pb_column][\/et_pb_row][et_pb_row use_custom_gutter=&#8221;on&#8221; gutter_width=&#8221;1&#8243; make_equal=&#8221;on&#8221; _builder_version=&#8221;4.16&#8243; _module_preset=&#8221;default&#8221; global_colors_info=&#8221;{}&#8221;][et_pb_column type=&#8221;4_4&#8243; _builder_version=&#8221;4.16&#8243; _module_preset=&#8221;default&#8221; background_color=&#8221;#FFFFFF&#8221; global_colors_info=&#8221;{}&#8221;][et_pb_image src=&#8221;https:\/\/deleit.eu\/wp-content\/uploads\/2022\/02\/Mask-Group-22.jpg&#8221; title_text=&#8221;Mask-Group-22&#8243; align=&#8221;center&#8221; force_fullwidth=&#8221;on&#8221; _builder_version=&#8221;4.16&#8243; _module_preset=&#8221;default&#8221; global_colors_info=&#8221;{}&#8221;][\/et_pb_image][et_pb_text _builder_version=&#8221;4.16&#8243; _module_preset=&#8221;default&#8221; header_3_text_color=&#8221;#00b5ef&#8221; background_layout=&#8221;dark&#8221; custom_padding=&#8221;30px|30px||30px|false|true&#8221; global_colors_info=&#8221;{}&#8221;]<\/p>\n<h3>PUURUNKOISTALON EDUT<\/h3>\n<p>[\/et_pb_text][et_pb_text _builder_version=&#8221;4.16&#8243; _module_preset=&#8221;default&#8221; custom_padding=&#8221;30px|30px|30px|30px|true|true&#8221; global_colors_info=&#8221;{}&#8221;]Puurunkoisilla taloilla on useita suuria etuja, jotka tekev\u00e4t koko talon rakentamisprosessista nopeamman ja usein my\u00f6s edullisemman. Puurunkoisen talon edut:<br \/>\n| Puurunkoisen talon rakentaminen on nopeampi prosessi<br \/>\n| Puurunkoisen talon rakentaminen on edullisempaa, p\u00e4\u00e4asiassa siksi, ett\u00e4 ty\u00f6aika on lyhyempi<br \/>\n| Puurunkoisen talon l\u00e4mm\u00f6neristys on eritt\u00e4in hyv\u00e4, eik\u00e4 suurista l\u00e4mmityskuluista tarvitse huolehtia<br \/>\n| Puurunkoisen talon perustus on edullisempi, koska talon rakenteet ovat kevyemm\u00e4t, eik\u00e4 perustukselle kohdistu liikaa painoa<br \/>\n| Puurunkoinen talo antaa hyv\u00e4t mahdollisuudet sis\u00e4sein\u00e4muutoksiin ja suunnitelmien muokkaamiseen tarpeen mukaan <\/p>\n<p>Nykyajan puurunkotalot yhdist\u00e4v\u00e4t vanhat puutaloperinteet ja nykyaikaiset rakennusteknologiat.[\/et_pb_text][\/et_pb_column][\/et_pb_row][et_pb_row use_custom_gutter=&#8221;on&#8221; gutter_width=&#8221;1&#8243; make_equal=&#8221;on&#8221; _builder_version=&#8221;4.16&#8243; _module_preset=&#8221;default&#8221; global_colors_info=&#8221;{}&#8221;][et_pb_column type=&#8221;4_4&#8243; _builder_version=&#8221;4.16&#8243; _module_preset=&#8221;default&#8221; background_color=&#8221;#FFFFFF&#8221; global_colors_info=&#8221;{}&#8221;][et_pb_image src=&#8221;https:\/\/deleit.eu\/wp-content\/uploads\/2022\/02\/pexels-lumn-309724_.jpg&#8221; title_text=&#8221;pexels-lumn-309724_&#8221; align=&#8221;center&#8221; force_fullwidth=&#8221;on&#8221; _builder_version=&#8221;4.16&#8243; _module_preset=&#8221;default&#8221; global_colors_info=&#8221;{}&#8221;][\/et_pb_image][et_pb_text _builder_version=&#8221;4.16&#8243; _module_preset=&#8221;default&#8221; header_3_text_color=&#8221;#00b5ef&#8221; background_layout=&#8221;dark&#8221; custom_padding=&#8221;30px|30px||30px|false|true&#8221; global_colors_info=&#8221;{}&#8221;]<\/p>\n<h3>MIKSI VALITA PUURUNKOISTA TALOA?<\/h3>\n<p>[\/et_pb_text][et_pb_text _builder_version=&#8221;4.16&#8243; _module_preset=&#8221;default&#8221; custom_padding=&#8221;30px|30px|30px|30px|true|true&#8221; global_colors_info=&#8221;{}&#8221;]<\/p>\n<p>Puurakennuksia on rakennettu vuosisatojen ajan, ja niiden kest\u00e4vyys on todella hyv\u00e4. Nykytekniikoita hy\u00f6dynt\u00e4en puurakennukset voidaan tehd\u00e4 entist\u00e4 laadukkaammiksi ja niiden etuja voidaan hy\u00f6dynt\u00e4\u00e4 paremmin. Puurakennuksen t\u00e4rkeimm\u00e4t edut:<\/p>\n<p>| Puuta pidet\u00e4\u00e4n ymp\u00e4rist\u00f6yst\u00e4v\u00e4llisen\u00e4 materiaalina, jota on k\u00e4ytetty pitk\u00e4\u00e4n rakennusmateriaalina<br \/>| Puu on luonnollisesti uusiutuva rakennusmateriaali, jota ei tarvitse valmistaa keinotekoisesti<br \/>| Puulla on antistaattisia ominaisuuksia, mink\u00e4 vuoksi puutaloissa on yleens\u00e4 v\u00e4hemm\u00e4n p\u00f6ly\u00e4, mik\u00e4 sopii erityisesti allergikoille<br \/>| Puu auttaa s\u00e4\u00e4telem\u00e4\u00e4n ilmankosteutta, parantaen sis\u00e4ilman laatua puutaloissa<br \/>| Puu on luonnollinen materiaali, jota sanotaan hengitt\u00e4v\u00e4ksi<br \/>| Puu on ominaisuuksiltaan l\u00e4mmin materiaali, joka luo sis\u00e4tiloihin kodikkaan ilmapiirin<br \/>| Laadukkaasti rakennettu puutalo s\u00e4ilyy vuosisatoja<\/p>\n<p>Jos haluat henkil\u00f6kohtaisen tarjouksen puukehysrakenteisen talon asennuksesta, ota yhteytt\u00e4 kokeneisiin asiantuntijoihimme.<br \/>Kaikki palvelumme l\u00f6ytyv\u00e4t t\u00e4\u00e4lt\u00e4 (linkki \u2013 lis\u00e4t\u00e4\u00e4n, kun sopiva verkkotunnus on k\u00e4ytett\u00e4viss\u00e4).<\/p>\n<p>[\/et_pb_text][\/et_pb_column][\/et_pb_row][et_pb_row column_structure=&#8221;1_2,1_2&#8243; make_equal=&#8221;on&#8221; _builder_version=&#8221;4.16&#8243; _module_preset=&#8221;default&#8221; global_colors_info=&#8221;{}&#8221;][et_pb_column type=&#8221;1_2&#8243; _builder_version=&#8221;4.16&#8243; _module_preset=&#8221;default&#8221; background_color=&#8221;#FFFFFF&#8221; global_colors_info=&#8221;{}&#8221;][et_pb_gallery gallery_ids=&#8221;607&#8243; fullwidth=&#8221;on&#8221; _builder_version=&#8221;4.16&#8243; _module_preset=&#8221;default&#8221; custom_margin=&#8221;||0px||false|false&#8221; global_colors_info=&#8221;{}&#8221;][\/et_pb_gallery][et_pb_text _builder_version=&#8221;4.16&#8243; _module_preset=&#8221;default&#8221; header_3_text_color=&#8221;#00b5ef&#8221; background_layout=&#8221;dark&#8221; custom_margin=&#8221;||0px||false|false&#8221; custom_padding=&#8221;30px|30px||30px|false|true&#8221; global_colors_info=&#8221;{}&#8221;]<\/p>\n<h3>ISO PUUTARHATALO<\/h3>\n<p>[\/et_pb_text][et_pb_text _builder_version=&#8221;4.27.4&#8243; _module_preset=&#8221;default&#8221; custom_padding=&#8221;30px|30px|30px|30px|true|true&#8221; global_colors_info=&#8221;{}&#8221;]<\/p>\n<p><span>Koko: 70 m\u00b2 <\/span><br \/><span>Hinta: 91 000 \u20ac<\/span><br \/><span>Neli\u00f6hinta: 1 300 \u20ac \/ m\u00b2<\/span><\/p>\n<p>[\/et_pb_text][\/et_pb_column][et_pb_column type=&#8221;1_2&#8243; _builder_version=&#8221;4.16&#8243; _module_preset=&#8221;default&#8221; background_color=&#8221;#FFFFFF&#8221; global_colors_info=&#8221;{}&#8221;][et_pb_image src=&#8221;https:\/\/deleit.eu\/wp-content\/uploads\/2022\/02\/Mask-Group-40.jpg&#8221; title_text=&#8221;Mask-Group-40&#8243; show_bottom_space=&#8221;off&#8221; align=&#8221;center&#8221; force_fullwidth=&#8221;on&#8221; _builder_version=&#8221;4.16&#8243; _module_preset=&#8221;default&#8221; global_colors_info=&#8221;{}&#8221;][\/et_pb_image][et_pb_text _builder_version=&#8221;4.16&#8243; _module_preset=&#8221;default&#8221; header_3_text_color=&#8221;#00b5ef&#8221; background_layout=&#8221;dark&#8221; custom_margin=&#8221;||0px||false|false&#8221; custom_padding=&#8221;30px|30px||30px|false|true&#8221; global_colors_info=&#8221;{}&#8221;]<\/p>\n<h3>PIENI PUUTARHAM\u00d6KKI<\/h3>\n<p>[\/et_pb_text][et_pb_text _builder_version=&#8221;4.27.4&#8243; _module_preset=&#8221;default&#8221; custom_padding=&#8221;30px|30px|30px|30px|true|true&#8221; global_colors_info=&#8221;{}&#8221;]<\/p>\n<p><span>Koko: 49 m\u00b2<\/span><br \/><span>Hinta: 63 700 \u20ac<\/span><br \/><span>Neli\u00f6hinta: 1 300 \u20ac \/ m\u00b2<\/span><\/p>\n<p>Hintaan lis\u00e4t\u00e4\u00e4n l\u00e4mp\u00f6pumppu ja aurinkopaneeli sopimuksen mukaan.<\/p>\n<p>[\/et_pb_text][\/et_pb_column][\/et_pb_row][\/et_pb_section][et_pb_section fb_built=&#8221;1&#8243; disabled_on=&#8221;on|on|on&#8221; _builder_version=&#8221;4.14.7&#8243; _module_preset=&#8221;default&#8221; background_image=&#8221;https:\/\/deleit.eu\/wp-content\/uploads\/2022\/02\/Mask-Group-21.jpg&#8221; background_position=&#8221;top_center&#8221; height=&#8221;400px&#8221; disabled=&#8221;on&#8221; global_module=&#8221;108&#8243; saved_tabs=&#8221;all&#8221; global_colors_info=&#8221;{}&#8221;][et_pb_row _builder_version=&#8221;4.16&#8243; _module_preset=&#8221;default&#8221; global_colors_info=&#8221;{}&#8221;][et_pb_column type=&#8221;4_4&#8243; _builder_version=&#8221;4.16&#8243; _module_preset=&#8221;default&#8221; global_colors_info=&#8221;{}&#8221;][\/et_pb_column][\/et_pb_row][\/et_pb_section][et_pb_section fb_built=&#8221;1&#8243; disabled_on=&#8221;on|on|on&#8221; _builder_version=&#8221;4.16&#8243; _module_preset=&#8221;default&#8221; use_background_color_gradient=&#8221;on&#8221; background_color_gradient_direction=&#8221;270deg&#8221; background_color_gradient_stops=&#8221;#3a3a3a 0%|#000000 100%&#8221; background_color_gradient_start=&#8221;#3a3a3a&#8221; background_color_gradient_end=&#8221;#000000&#8243; background_color_gradient_stops_tablet=&#8221;#3a3a3a 0%|#000000 100%&#8221; background_color_gradient_stops_phone=&#8221;#3a3a3a 0%|#000000 100%&#8221; disabled=&#8221;on&#8221; global_module=&#8221;109&#8243; saved_tabs=&#8221;all&#8221; global_colors_info=&#8221;{}&#8221;][et_pb_row _builder_version=&#8221;4.16&#8243; _module_preset=&#8221;default&#8221; global_colors_info=&#8221;{}&#8221;][et_pb_column type=&#8221;4_4&#8243; _builder_version=&#8221;4.16&#8243; _module_preset=&#8221;default&#8221; global_colors_info=&#8221;{}&#8221;][et_pb_text _builder_version=&#8221;4.16&#8243; _module_preset=&#8221;default&#8221; header_2_text_color=&#8221;#FFFFFF&#8221; background_layout=&#8221;dark&#8221; link_option_url=&#8221;https:\/\/deleit.eu\/?page_id=124&#8243; global_colors_info=&#8221;{}&#8221;]<\/p>\n<h2>RAKENNUSHINTALASKURI <img decoding=\"async\" src=\"https:\/\/deleit.eu\/wp-content\/uploads\/2022\/01\/right-arrows-white.png\" width=\"70px\"><\/h2>\n<p>[\/et_pb_text][\/et_pb_column][\/et_pb_row][\/et_pb_section][et_pb_section fb_built=&#8221;1&#8243; _builder_version=&#8221;4.14.7&#8243; _module_preset=&#8221;default&#8221; background_image=&#8221;https:\/\/deleit.eu\/wp-content\/uploads\/2022\/02\/Mask-Group-42.jpg&#8221; height=&#8221;280px&#8221; global_module=&#8221;110&#8243; saved_tabs=&#8221;all&#8221; global_colors_info=&#8221;{}&#8221;][et_pb_row _builder_version=&#8221;4.16&#8243; _module_preset=&#8221;default&#8221; global_colors_info=&#8221;{}&#8221;][et_pb_column type=&#8221;4_4&#8243; _builder_version=&#8221;4.16&#8243; _module_preset=&#8221;default&#8221; global_colors_info=&#8221;{}&#8221;][\/et_pb_column][\/et_pb_row][\/et_pb_section]<\/p>\n","protected":false},"excerpt":{"rendered":"<p>PUURUNKOISEN TALON RAKENTAMINEN JA ASENNUSDeleit O\u00dc on pitk\u00e4\u00e4n toiminut yritys, joka tarjoaa sek\u00e4 rakennus- ett\u00e4 remonttipalveluita koko Virossa. Ammattitaitoisen ja luotettavan tiimimme tavoitteena on varmistaa asiakkaiden tyytyv\u00e4isyys asuntojen kunnostuksessa\/remontoinnissa tai uusien kotien rakentamisessa.P\u00c4\u00c4PALVELUTPUURUNKOISTALON EDUTPuurunkoisilla taloilla on useita suuria etuja, jotka tekev\u00e4t koko talon rakentamisprosessista nopeamman ja usein my\u00f6s edullisemman. Puurunkoisen talon edut: | Puurunkoisen talon [&hellip;]<\/p>\n","protected":false},"author":2,"featured_media":0,"parent":0,"menu_order":0,"comment_status":"closed","ping_status":"closed","template":"","meta":{"_et_pb_use_builder":"on","_et_pb_old_content":"","_et_gb_content_width":"","footnotes":""},"class_list":["post-660","page","type-page","status-publish","hentry"],"_links":{"self":[{"href":"https:\/\/deleit.eu\/fi\/wp-json\/wp\/v2\/pages\/660","targetHints":{"allow":["GET"]}}],"collection":[{"href":"https:\/\/deleit.eu\/fi\/wp-json\/wp\/v2\/pages"}],"about":[{"href":"https:\/\/deleit.eu\/fi\/wp-json\/wp\/v2\/types\/page"}],"author":[{"embeddable":true,"href":"https:\/\/deleit.eu\/fi\/wp-json\/wp\/v2\/users\/2"}],"replies":[{"embeddable":true,"href":"https:\/\/deleit.eu\/fi\/wp-json\/wp\/v2\/comments?post=660"}],"version-history":[{"count":3,"href":"https:\/\/deleit.eu\/fi\/wp-json\/wp\/v2\/pages\/660\/revisions"}],"predecessor-version":[{"id":663,"href":"https:\/\/deleit.eu\/fi\/wp-json\/wp\/v2\/pages\/660\/revisions\/663"}],"wp:attachment":[{"href":"https:\/\/deleit.eu\/fi\/wp-json\/wp\/v2\/media?parent=660"}],"curies":[{"name":"wp","href":"https:\/\/api.w.org\/{rel}","templated":true}]}}